{"id":687,"date":"2018-03-26T09:44:23","date_gmt":"2018-03-26T09:44:23","guid":{"rendered":"https:\/\/demo.themegrill.com\/estore\/?page_id=687"},"modified":"2024-05-03T15:11:44","modified_gmt":"2024-05-03T18:11:44","slug":"contact","status":"publish","type":"page","link":"https:\/\/www.arnoldomonteirobach.com.br\/ecomm\/contact\/","title":{"rendered":"Contato"},"content":{"rendered":"\t\t<div data-elementor-type=\"wp-page\" data-elementor-id=\"687\" class=\"elementor elementor-687\">\n\t\t\t\t<div class=\"elementor-element elementor-element-659cc14 e-flex e-con-boxed e-con e-parent\" data-id=\"659cc14\" data-element_type=\"container\">\n\t\t\t\t\t<div class=\"e-con-inner\">\n\t\t<div class=\"elementor-element elementor-element-96e87e6 e-con-full e-flex e-con e-child\" data-id=\"96e87e6\" data-element_type=\"container\">\n\t\t\t\t<div class=\"elementor-element elementor-element-f57d4a8 elementor-widget elementor-widget-image\" data-id=\"f57d4a8\" data-element_type=\"widget\" data-widget_type=\"image.default\">\n\t\t\t\t<div class=\"elementor-widget-container\">\n\t\t\t\t\t\t\t\t\t\t\t\t\t\t\t<img decoding=\"async\" width=\"179\" height=\"270\" src=\"https:\/\/www.arnoldomonteirobach.com.br\/ecomm\/wp-content\/uploads\/2024\/05\/ilustra-Arnoldo.png\" class=\"attachment-large size-large wp-image-1823\" alt=\"\" \/>\t\t\t\t\t\t\t\t\t\t\t\t\t\t\t<\/div>\n\t\t\t\t<\/div>\n\t\t\t\t<\/div>\n\t\t<div class=\"elementor-element elementor-element-023d0de e-con-full e-flex e-con e-child\" data-id=\"023d0de\" data-element_type=\"container\">\n\t\t\t\t<\/div>\n\t\t<div class=\"elementor-element elementor-element-e57c28e e-con-full e-flex e-con e-child\" data-id=\"e57c28e\" data-element_type=\"container\">\n\t\t\t\t<div class=\"elementor-element elementor-element-c95a426 elementor-position-left elementor-vertical-align-bottom elementor-view-default elementor-mobile-position-top elementor-widget elementor-widget-icon-box\" data-id=\"c95a426\" data-element_type=\"widget\" data-widget_type=\"icon-box.default\">\n\t\t\t\t<div class=\"elementor-widget-container\">\n\t\t\t\t\t\t\t<div class=\"elementor-icon-box-wrapper\">\n\n\t\t\t\t\t\t<div class=\"elementor-icon-box-icon\">\n\t\t\t\t<span  class=\"elementor-icon\">\n\t\t\t\t<svg aria-hidden=\"true\" class=\"e-font-icon-svg e-fas-mail-bulk\" viewBox=\"0 0 576 512\" xmlns=\"http:\/\/www.w3.org\/2000\/svg\"><path d=\"M160 448c-25.6 0-51.2-22.4-64-32-64-44.8-83.2-60.8-96-70.4V480c0 17.67 14.33 32 32 32h256c17.67 0 32-14.33 32-32V345.6c-12.8 9.6-32 25.6-96 70.4-12.8 9.6-38.4 32-64 32zm128-192H32c-17.67 0-32 14.33-32 32v16c25.6 19.2 22.4 19.2 115.2 86.4 9.6 6.4 28.8 25.6 44.8 25.6s35.2-19.2 44.8-22.4c92.8-67.2 89.6-67.2 115.2-86.4V288c0-17.67-14.33-32-32-32zm256-96H224c-17.67 0-32 14.33-32 32v32h96c33.21 0 60.59 25.42 63.71 57.82l.29-.22V416h192c17.67 0 32-14.33 32-32V192c0-17.67-14.33-32-32-32zm-32 128h-64v-64h64v64zm-352-96c0-35.29 28.71-64 64-64h224V32c0-17.67-14.33-32-32-32H96C78.33 0 64 14.33 64 32v192h96v-32z\"><\/path><\/svg>\t\t\t\t<\/span>\n\t\t\t<\/div>\n\t\t\t\n\t\t\t\t\t\t<div class=\"elementor-icon-box-content\">\n\n\t\t\t\t\t\t\t\t\t<h3 class=\"elementor-icon-box-title\">\n\t\t\t\t\t\t<span  >\n\t\t\t\t\t\t\tarnoldo_monteiro@yahoo.com.br\t\t\t\t\t\t<\/span>\n\t\t\t\t\t<\/h3>\n\t\t\t\t\n\t\t\t\t\t\t\t\t\t<p class=\"elementor-icon-box-description\">\n\t\t\t\t\t\t\n\n\t\t\t\t\t<\/p>\n\t\t\t\t\n\t\t\t<\/div>\n\t\t\t\n\t\t<\/div>\n\t\t\t\t\t\t<\/div>\n\t\t\t\t<\/div>\n\t\t\t\t<div class=\"elementor-element elementor-element-afb9f07 elementor-position-left elementor-vertical-align-bottom elementor-view-default elementor-mobile-position-top elementor-widget elementor-widget-icon-box\" data-id=\"afb9f07\" data-element_type=\"widget\" data-widget_type=\"icon-box.default\">\n\t\t\t\t<div class=\"elementor-widget-container\">\n\t\t\t\t\t\t\t<div class=\"elementor-icon-box-wrapper\">\n\n\t\t\t\t\t\t<div class=\"elementor-icon-box-icon\">\n\t\t\t\t<span  class=\"elementor-icon\">\n\t\t\t\t<svg aria-hidden=\"true\" class=\"e-font-icon-svg e-fab-whatsapp-square\" viewBox=\"0 0 448 512\" xmlns=\"http:\/\/www.w3.org\/2000\/svg\"><path d=\"M224 122.8c-72.7 0-131.8 59.1-131.9 131.8 0 24.9 7 49.2 20.2 70.1l3.1 5-13.3 48.6 49.9-13.1 4.8 2.9c20.2 12 43.4 18.4 67.1 18.4h.1c72.6 0 133.3-59.1 133.3-131.8 0-35.2-15.2-68.3-40.1-93.2-25-25-58-38.7-93.2-38.7zm77.5 188.4c-3.3 9.3-19.1 17.7-26.7 18.8-12.6 1.9-22.4.9-47.5-9.9-39.7-17.2-65.7-57.2-67.7-59.8-2-2.6-16.2-21.5-16.2-41s10.2-29.1 13.9-33.1c3.6-4 7.9-5 10.6-5 2.6 0 5.3 0 7.6.1 2.4.1 5.7-.9 8.9 6.8 3.3 7.9 11.2 27.4 12.2 29.4s1.7 4.3.3 6.9c-7.6 15.2-15.7 14.6-11.6 21.6 15.3 26.3 30.6 35.4 53.9 47.1 4 2 6.3 1.7 8.6-1 2.3-2.6 9.9-11.6 12.5-15.5 2.6-4 5.3-3.3 8.9-2 3.6 1.3 23.1 10.9 27.1 12.9s6.6 3 7.6 4.6c.9 1.9.9 9.9-2.4 19.1zM400 32H48C21.5 32 0 53.5 0 80v352c0 26.5 21.5 48 48 48h352c26.5 0 48-21.5 48-48V80c0-26.5-21.5-48-48-48zM223.9 413.2c-26.6 0-52.7-6.7-75.8-19.3L64 416l22.5-82.2c-13.9-24-21.2-51.3-21.2-79.3C65.4 167.1 136.5 96 223.9 96c42.4 0 82.2 16.5 112.2 46.5 29.9 30 47.9 69.8 47.9 112.2 0 87.4-72.7 158.5-160.1 158.5z\"><\/path><\/svg>\t\t\t\t<\/span>\n\t\t\t<\/div>\n\t\t\t\n\t\t\t\t\t\t<div class=\"elementor-icon-box-content\">\n\n\t\t\t\t\t\t\t\t\t<h3 class=\"elementor-icon-box-title\">\n\t\t\t\t\t\t<span  >\n\t\t\t\t\t\t\t(42) 99121.1311\t\t\t\t\t\t<\/span>\n\t\t\t\t\t<\/h3>\n\t\t\t\t\n\t\t\t\t\n\t\t\t<\/div>\n\t\t\t\n\t\t<\/div>\n\t\t\t\t\t\t<\/div>\n\t\t\t\t<\/div>\n\t\t\t\t<\/div>\n\t\t\t\t\t<\/div>\n\t\t\t\t<\/div>\n\t\t<div class=\"elementor-element elementor-element-cc7d88f e-flex e-con-boxed e-con e-parent\" data-id=\"cc7d88f\" data-element_type=\"container\">\n\t\t\t\t\t<div class=\"e-con-inner\">\n\t\t\t\t\t<\/div>\n\t\t\t\t<\/div>\n\t\t\t\t<\/div>\n\t\t","protected":false},"excerpt":{"rendered":"<p>arnoldo_monteiro@yahoo.com.br (42) 99121.1311<\/p>\n","protected":false},"author":1,"featured_media":0,"parent":0,"menu_order":0,"comment_status":"closed","ping_status":"closed","template":"","meta":{"ocean_post_layout":"","ocean_both_sidebars_style":"","ocean_both_sidebars_content_width":0,"ocean_both_sidebars_sidebars_width":0,"ocean_sidebar":"","ocean_second_sidebar":"","ocean_disable_margins":"enable","ocean_add_body_class":"","ocean_shortcode_before_top_bar":"","ocean_shortcode_after_top_bar":"","ocean_shortcode_before_header":"","ocean_shortcode_after_header":"","ocean_has_shortcode":"","ocean_shortcode_after_title":"","ocean_shortcode_before_footer_widgets":"","ocean_shortcode_after_footer_widgets":"","ocean_shortcode_before_footer_bottom":"","ocean_shortcode_after_footer_bottom":"","ocean_display_top_bar":"default","ocean_display_header":"default","ocean_header_style":"","ocean_center_header_left_menu":"","ocean_custom_header_template":"","ocean_custom_logo":0,"ocean_custom_retina_logo":0,"ocean_custom_logo_max_width":0,"ocean_custom_logo_tablet_max_width":0,"ocean_custom_logo_mobile_max_width":0,"ocean_custom_logo_max_height":0,"ocean_custom_logo_tablet_max_height":0,"ocean_custom_logo_mobile_max_height":0,"ocean_header_custom_menu":"","ocean_menu_typo_font_family":"","ocean_menu_typo_font_subset":"","ocean_menu_typo_font_size":0,"ocean_menu_typo_font_size_tablet":0,"ocean_menu_typo_font_size_mobile":0,"ocean_menu_typo_font_size_unit":"px","ocean_menu_typo_font_weight":"","ocean_menu_typo_font_weight_tablet":"","ocean_menu_typo_font_weight_mobile":"","ocean_menu_typo_transform":"","ocean_menu_typo_transform_tablet":"","ocean_menu_typo_transform_mobile":"","ocean_menu_typo_line_height":0,"ocean_menu_typo_line_height_tablet":0,"ocean_menu_typo_line_height_mobile":0,"ocean_menu_typo_line_height_unit":"","ocean_menu_typo_spacing":0,"ocean_menu_typo_spacing_tablet":0,"ocean_menu_typo_spacing_mobile":0,"ocean_menu_typo_spacing_unit":"","ocean_menu_link_color":"","ocean_menu_link_color_hover":"","ocean_menu_link_color_active":"","ocean_menu_link_background":"","ocean_menu_link_hover_background":"","ocean_menu_link_active_background":"","ocean_menu_social_links_bg":"","ocean_menu_social_hover_links_bg":"","ocean_menu_social_links_color":"","ocean_menu_social_hover_links_color":"","ocean_disable_title":"default","ocean_disable_heading":"default","ocean_post_title":"","ocean_post_subheading":"","ocean_post_title_style":"","ocean_post_title_background_color":"","ocean_post_title_background":0,"ocean_post_title_bg_image_position":"","ocean_post_title_bg_image_attachment":"","ocean_post_title_bg_image_repeat":"","ocean_post_title_bg_image_size":"","ocean_post_title_height":0,"ocean_post_title_bg_overlay":0.5,"ocean_post_title_bg_overlay_color":"","ocean_disable_breadcrumbs":"default","ocean_breadcrumbs_color":"","ocean_breadcrumbs_separator_color":"","ocean_breadcrumbs_links_color":"","ocean_breadcrumbs_links_hover_color":"","ocean_display_footer_widgets":"default","ocean_display_footer_bottom":"default","ocean_custom_footer_template":"","footnotes":""},"class_list":["post-687","page","type-page","status-publish","hentry","entry","owp-thumbs-layout-horizontal","owp-btn-normal","owp-tabs-layout-horizontal","has-no-thumbnails","has-product-nav"],"yoast_head":"<!-- This site is optimized with the Yoast SEO plugin v24.6 - https:\/\/yoast.com\/wordpress\/plugins\/seo\/ -->\n<title>Contato - Loja de Livros :: Arnoldo Monteiro Bach<\/title>\n<meta name=\"robots\" content=\"index, follow, max-snippet:-1, max-image-preview:large, max-video-preview:-1\" \/>\n<link rel=\"canonical\" href=\"https:\/\/www.arnoldomonteirobach.com.br\/ecomm\/contact\/\" \/>\n<meta property=\"og:locale\" content=\"pt_BR\" \/>\n<meta property=\"og:type\" content=\"article\" \/>\n<meta property=\"og:title\" content=\"Contato - Loja de Livros :: Arnoldo Monteiro Bach\" \/>\n<meta property=\"og:description\" content=\"arnoldo_monteiro@yahoo.com.br (42) 99121.1311\" \/>\n<meta property=\"og:url\" content=\"https:\/\/www.arnoldomonteirobach.com.br\/ecomm\/contact\/\" \/>\n<meta property=\"og:site_name\" content=\"Loja de Livros :: Arnoldo Monteiro Bach\" \/>\n<meta property=\"article:modified_time\" content=\"2024-05-03T18:11:44+00:00\" \/>\n<meta property=\"og:image\" content=\"https:\/\/www.arnoldomonteirobach.com.br\/ecomm\/wp-content\/uploads\/2024\/05\/ilustra-Arnoldo.png\" \/>\n<meta name=\"twitter:card\" content=\"summary_large_image\" \/>\n<meta name=\"twitter:label1\" content=\"Est. tempo de leitura\" \/>\n\t<meta name=\"twitter:data1\" content=\"1 minuto\" \/>\n<script type=\"application\/ld+json\" class=\"yoast-schema-graph\">{\"@context\":\"https:\/\/schema.org\",\"@graph\":[{\"@type\":\"WebPage\",\"@id\":\"https:\/\/www.arnoldomonteirobach.com.br\/ecomm\/contact\/\",\"url\":\"https:\/\/www.arnoldomonteirobach.com.br\/ecomm\/contact\/\",\"name\":\"Contato - Loja de Livros :: Arnoldo Monteiro Bach\",\"isPartOf\":{\"@id\":\"https:\/\/www.arnoldomonteirobach.com.br\/ecomm\/#website\"},\"primaryImageOfPage\":{\"@id\":\"https:\/\/www.arnoldomonteirobach.com.br\/ecomm\/contact\/#primaryimage\"},\"image\":{\"@id\":\"https:\/\/www.arnoldomonteirobach.com.br\/ecomm\/contact\/#primaryimage\"},\"thumbnailUrl\":\"https:\/\/www.arnoldomonteirobach.com.br\/ecomm\/wp-content\/uploads\/2024\/05\/ilustra-Arnoldo.png\",\"datePublished\":\"2018-03-26T09:44:23+00:00\",\"dateModified\":\"2024-05-03T18:11:44+00:00\",\"breadcrumb\":{\"@id\":\"https:\/\/www.arnoldomonteirobach.com.br\/ecomm\/contact\/#breadcrumb\"},\"inLanguage\":\"pt-BR\",\"potentialAction\":[{\"@type\":\"ReadAction\",\"target\":[\"https:\/\/www.arnoldomonteirobach.com.br\/ecomm\/contact\/\"]}]},{\"@type\":\"ImageObject\",\"inLanguage\":\"pt-BR\",\"@id\":\"https:\/\/www.arnoldomonteirobach.com.br\/ecomm\/contact\/#primaryimage\",\"url\":\"https:\/\/www.arnoldomonteirobach.com.br\/ecomm\/wp-content\/uploads\/2024\/05\/ilustra-Arnoldo.png\",\"contentUrl\":\"https:\/\/www.arnoldomonteirobach.com.br\/ecomm\/wp-content\/uploads\/2024\/05\/ilustra-Arnoldo.png\",\"width\":179,\"height\":270},{\"@type\":\"BreadcrumbList\",\"@id\":\"https:\/\/www.arnoldomonteirobach.com.br\/ecomm\/contact\/#breadcrumb\",\"itemListElement\":[{\"@type\":\"ListItem\",\"position\":1,\"name\":\"In\u00edcio\",\"item\":\"https:\/\/www.arnoldomonteirobach.com.br\/ecomm\/\"},{\"@type\":\"ListItem\",\"position\":2,\"name\":\"Contato\"}]},{\"@type\":\"WebSite\",\"@id\":\"https:\/\/www.arnoldomonteirobach.com.br\/ecomm\/#website\",\"url\":\"https:\/\/www.arnoldomonteirobach.com.br\/ecomm\/\",\"name\":\"Loja de Livros :: Arnoldo Monteiro Bach\",\"description\":\"Aqui voc\u00ea encontra todos os livros escritos por Arnoldo Monteiro Bach, entre eles: Porcadeiros, Col\u00f4nia Cec\u00edlia, Trens e mais.\",\"publisher\":{\"@id\":\"https:\/\/www.arnoldomonteirobach.com.br\/ecomm\/#\/schema\/person\/3b22ff0a3a4732a9fe7d71537f869a00\"},\"potentialAction\":[{\"@type\":\"SearchAction\",\"target\":{\"@type\":\"EntryPoint\",\"urlTemplate\":\"https:\/\/www.arnoldomonteirobach.com.br\/ecomm\/?s={search_term_string}\"},\"query-input\":{\"@type\":\"PropertyValueSpecification\",\"valueRequired\":true,\"valueName\":\"search_term_string\"}}],\"inLanguage\":\"pt-BR\"},{\"@type\":[\"Person\",\"Organization\"],\"@id\":\"https:\/\/www.arnoldomonteirobach.com.br\/ecomm\/#\/schema\/person\/3b22ff0a3a4732a9fe7d71537f869a00\",\"name\":\"Admin\",\"image\":{\"@type\":\"ImageObject\",\"inLanguage\":\"pt-BR\",\"@id\":\"https:\/\/www.arnoldomonteirobach.com.br\/ecomm\/#\/schema\/person\/image\/\",\"url\":\"https:\/\/www.arnoldomonteirobach.com.br\/ecomm\/wp-content\/uploads\/2024\/04\/Novo-Projeto-1.webp\",\"contentUrl\":\"https:\/\/www.arnoldomonteirobach.com.br\/ecomm\/wp-content\/uploads\/2024\/04\/Novo-Projeto-1.webp\",\"width\":1280,\"height\":720,\"caption\":\"Admin\"},\"logo\":{\"@id\":\"https:\/\/www.arnoldomonteirobach.com.br\/ecomm\/#\/schema\/person\/image\/\"},\"sameAs\":[\"https:\/\/www.arnoldomonteirobach.com.br\/ecomm\"]}]}<\/script>\n<!-- \/ Yoast SEO plugin. -->","yoast_head_json":{"title":"Contato - Loja de Livros :: Arnoldo Monteiro Bach","robots":{"index":"index","follow":"follow","max-snippet":"max-snippet:-1","max-image-preview":"max-image-preview:large","max-video-preview":"max-video-preview:-1"},"canonical":"https:\/\/www.arnoldomonteirobach.com.br\/ecomm\/contact\/","og_locale":"pt_BR","og_type":"article","og_title":"Contato - Loja de Livros :: Arnoldo Monteiro Bach","og_description":"arnoldo_monteiro@yahoo.com.br (42) 99121.1311","og_url":"https:\/\/www.arnoldomonteirobach.com.br\/ecomm\/contact\/","og_site_name":"Loja de Livros :: Arnoldo Monteiro Bach","article_modified_time":"2024-05-03T18:11:44+00:00","og_image":[{"url":"https:\/\/www.arnoldomonteirobach.com.br\/ecomm\/wp-content\/uploads\/2024\/05\/ilustra-Arnoldo.png","type":"","width":"","height":""}],"twitter_card":"summary_large_image","twitter_misc":{"Est. tempo de leitura":"1 minuto"},"schema":{"@context":"https:\/\/schema.org","@graph":[{"@type":"WebPage","@id":"https:\/\/www.arnoldomonteirobach.com.br\/ecomm\/contact\/","url":"https:\/\/www.arnoldomonteirobach.com.br\/ecomm\/contact\/","name":"Contato - Loja de Livros :: Arnoldo Monteiro Bach","isPartOf":{"@id":"https:\/\/www.arnoldomonteirobach.com.br\/ecomm\/#website"},"primaryImageOfPage":{"@id":"https:\/\/www.arnoldomonteirobach.com.br\/ecomm\/contact\/#primaryimage"},"image":{"@id":"https:\/\/www.arnoldomonteirobach.com.br\/ecomm\/contact\/#primaryimage"},"thumbnailUrl":"https:\/\/www.arnoldomonteirobach.com.br\/ecomm\/wp-content\/uploads\/2024\/05\/ilustra-Arnoldo.png","datePublished":"2018-03-26T09:44:23+00:00","dateModified":"2024-05-03T18:11:44+00:00","breadcrumb":{"@id":"https:\/\/www.arnoldomonteirobach.com.br\/ecomm\/contact\/#breadcrumb"},"inLanguage":"pt-BR","potentialAction":[{"@type":"ReadAction","target":["https:\/\/www.arnoldomonteirobach.com.br\/ecomm\/contact\/"]}]},{"@type":"ImageObject","inLanguage":"pt-BR","@id":"https:\/\/www.arnoldomonteirobach.com.br\/ecomm\/contact\/#primaryimage","url":"https:\/\/www.arnoldomonteirobach.com.br\/ecomm\/wp-content\/uploads\/2024\/05\/ilustra-Arnoldo.png","contentUrl":"https:\/\/www.arnoldomonteirobach.com.br\/ecomm\/wp-content\/uploads\/2024\/05\/ilustra-Arnoldo.png","width":179,"height":270},{"@type":"BreadcrumbList","@id":"https:\/\/www.arnoldomonteirobach.com.br\/ecomm\/contact\/#breadcrumb","itemListElement":[{"@type":"ListItem","position":1,"name":"In\u00edcio","item":"https:\/\/www.arnoldomonteirobach.com.br\/ecomm\/"},{"@type":"ListItem","position":2,"name":"Contato"}]},{"@type":"WebSite","@id":"https:\/\/www.arnoldomonteirobach.com.br\/ecomm\/#website","url":"https:\/\/www.arnoldomonteirobach.com.br\/ecomm\/","name":"Loja de Livros :: Arnoldo Monteiro Bach","description":"Aqui voc\u00ea encontra todos os livros escritos por Arnoldo Monteiro Bach, entre eles: Porcadeiros, Col\u00f4nia Cec\u00edlia, Trens e mais.","publisher":{"@id":"https:\/\/www.arnoldomonteirobach.com.br\/ecomm\/#\/schema\/person\/3b22ff0a3a4732a9fe7d71537f869a00"},"potentialAction":[{"@type":"SearchAction","target":{"@type":"EntryPoint","urlTemplate":"https:\/\/www.arnoldomonteirobach.com.br\/ecomm\/?s={search_term_string}"},"query-input":{"@type":"PropertyValueSpecification","valueRequired":true,"valueName":"search_term_string"}}],"inLanguage":"pt-BR"},{"@type":["Person","Organization"],"@id":"https:\/\/www.arnoldomonteirobach.com.br\/ecomm\/#\/schema\/person\/3b22ff0a3a4732a9fe7d71537f869a00","name":"Admin","image":{"@type":"ImageObject","inLanguage":"pt-BR","@id":"https:\/\/www.arnoldomonteirobach.com.br\/ecomm\/#\/schema\/person\/image\/","url":"https:\/\/www.arnoldomonteirobach.com.br\/ecomm\/wp-content\/uploads\/2024\/04\/Novo-Projeto-1.webp","contentUrl":"https:\/\/www.arnoldomonteirobach.com.br\/ecomm\/wp-content\/uploads\/2024\/04\/Novo-Projeto-1.webp","width":1280,"height":720,"caption":"Admin"},"logo":{"@id":"https:\/\/www.arnoldomonteirobach.com.br\/ecomm\/#\/schema\/person\/image\/"},"sameAs":["https:\/\/www.arnoldomonteirobach.com.br\/ecomm"]}]}},"_links":{"self":[{"href":"https:\/\/www.arnoldomonteirobach.com.br\/ecomm\/wp-json\/wp\/v2\/pages\/687","targetHints":{"allow":["GET"]}}],"collection":[{"href":"https:\/\/www.arnoldomonteirobach.com.br\/ecomm\/wp-json\/wp\/v2\/pages"}],"about":[{"href":"https:\/\/www.arnoldomonteirobach.com.br\/ecomm\/wp-json\/wp\/v2\/types\/page"}],"author":[{"embeddable":true,"href":"https:\/\/www.arnoldomonteirobach.com.br\/ecomm\/wp-json\/wp\/v2\/users\/1"}],"replies":[{"embeddable":true,"href":"https:\/\/www.arnoldomonteirobach.com.br\/ecomm\/wp-json\/wp\/v2\/comments?post=687"}],"version-history":[{"count":11,"href":"https:\/\/www.arnoldomonteirobach.com.br\/ecomm\/wp-json\/wp\/v2\/pages\/687\/revisions"}],"predecessor-version":[{"id":1873,"href":"https:\/\/www.arnoldomonteirobach.com.br\/ecomm\/wp-json\/wp\/v2\/pages\/687\/revisions\/1873"}],"wp:attachment":[{"href":"https:\/\/www.arnoldomonteirobach.com.br\/ecomm\/wp-json\/wp\/v2\/media?parent=687"}],"curies":[{"name":"wp","href":"https:\/\/api.w.org\/{rel}","templated":true}]}}