{"id":1759,"date":"2024-04-29T14:25:57","date_gmt":"2024-04-29T17:25:57","guid":{"rendered":"https:\/\/www.arnoldomonteirobach.com.br\/ecomm\/?post_type=product&#038;p=1759"},"modified":"2024-05-02T15:27:58","modified_gmt":"2024-05-02T18:27:58","slug":"colonia-cecilia","status":"publish","type":"product","link":"https:\/\/www.arnoldomonteirobach.com.br\/ecomm\/produto\/colonia-cecilia\/","title":{"rendered":"Col\u00f4nia Cec\u00edlia"},"content":{"rendered":"<div class=\"fb-like fb_iframe_widget\" data-href=\"https:\/\/www.arnoldomonteirobach.com.br\/colonia-cecilia\/\" data-send=\"true\" data-layout=\"button_count\" data-width=\"\" data-show-faces=\"false\" data-font=\"tahoma\"><\/div>\n<p>A inquietante experi\u00eancia da comunidade anarquista ecoa pelo tempo e ainda desperta curiosidade. Dos quatro anos da Cec\u00edlia para participa\u00e7\u00f5es destacadas em epis\u00f3dios marcantes da hist\u00f3ria brasileira, os idealistas italianos e seus descendentes desfilam em detalhados epis\u00f3dios do livro que lan\u00e7a luz sobre quem eram e como pensavam os cecilianos.<br \/>\n1.063 p\u00e1ginas.<\/p>\n<p>&nbsp;<\/p>\n<h2 class=\"p1\"><strong data-rich-text-format-boundary=\"true\">\u00c1udios de fragmentos da obra gravados pelo autor.<\/strong><\/h2>\n<figure class=\"wp-block-audio\"><audio src=\"https:\/\/www.arnoldomonteirobach.com.br\/wp-content\/uploads\/2013\/07\/4-CECILIA-TEXTO-3-chegada-em-Palmeira.mp3\" controls=\"controls\" data-mce-fragment=\"1\"><\/audio><figcaption>Chegada em Palmeira<\/figcaption><\/figure>\n<figure class=\"wp-block-audio\"><audio src=\"https:\/\/www.arnoldomonteirobach.com.br\/wp-content\/uploads\/2013\/07\/Canto-della-Foresta-Colonia-Cecilia.mp3\" controls=\"controls\" data-mce-fragment=\"1\"><\/audio><figcaption>Canto de la floresta<\/figcaption><\/figure>\n<figure class=\"wp-block-audio\"><audio src=\"https:\/\/www.arnoldomonteirobach.com.br\/wp-content\/uploads\/2023\/12\/CECILIA-Ana-Riffert-mp3cut.net_.mp3\" controls=\"controls\" data-mce-fragment=\"1\"><\/audio><figcaption>Ana Riffert<\/figcaption><\/figure>\n<figure class=\"wp-block-audio\"><audio src=\"https:\/\/www.arnoldomonteirobach.com.br\/wp-content\/uploads\/2023\/12\/CECILIA-Animais-da-cecilia-mp3cut.net_.mp3\" controls=\"controls\" data-mce-fragment=\"1\"><\/audio><figcaption>Animais da Cec\u00edlia<\/figcaption><\/figure>\n<figure class=\"wp-block-audio\"><audio src=\"https:\/\/www.arnoldomonteirobach.com.br\/wp-content\/uploads\/2023\/12\/CECILIA-Ini%CC%81cio-da-Colo%CC%82nia-Ceci%CC%81lia-mp3cut.net_.mp3\" controls=\"controls\" data-mce-fragment=\"1\"><\/audio><figcaption>In\u00edcio da Col\u00f4nia Cec\u00edlia<\/figcaption><\/figure>\n<figure class=\"wp-block-audio\"><audio src=\"https:\/\/www.arnoldomonteirobach.com.br\/wp-content\/uploads\/2023\/12\/CECILIA-Medida-do-terreno-mp3cut.net_.mp3\" controls=\"controls\" data-mce-fragment=\"1\"><\/audio><figcaption>Medida do Terreno<\/figcaption><\/figure>\n<figure class=\"wp-block-audio\"><audio src=\"https:\/\/www.arnoldomonteirobach.com.br\/wp-content\/uploads\/2023\/12\/CECILIA-Carzino-mp3cut.net_.mp3\" controls=\"controls\" data-mce-fragment=\"1\"><\/audio><figcaption>Carzino<\/figcaption><\/figure>\n<figure class=\"wp-block-audio\"><audio src=\"https:\/\/www.arnoldomonteirobach.com.br\/wp-content\/uploads\/2023\/12\/CECILIA-Mudas-de-parreira-mp3cut.net_.mp3\" controls=\"controls\" data-mce-fragment=\"1\"><\/audio><figcaption>Mudas de Parreira<\/figcaption><\/figure>\n<figure class=\"wp-block-audio\"><audio src=\"https:\/\/www.arnoldomonteirobach.com.br\/wp-content\/uploads\/2023\/12\/CECILIA-Pedagogia-A%CC%81crata-mp3cut.net_.mp3\" controls=\"controls\" data-mce-fragment=\"1\"><\/audio><figcaption>Pedagogia \u00c1crata<\/figcaption><\/figure>\n<figure class=\"wp-block-audio\"><audio src=\"https:\/\/www.arnoldomonteirobach.com.br\/wp-content\/uploads\/2023\/12\/CECILIA-Profissionais-da-Cecilia-mp3cut.net_.mp3\" controls=\"controls\" data-mce-fragment=\"1\"><\/audio><figcaption>Profissionais da Cec\u00edlia<\/figcaption><\/figure>\n<figure class=\"wp-block-audio\"><audio src=\"https:\/\/www.arnoldomonteirobach.com.br\/wp-content\/uploads\/2023\/12\/CECILIA-Revoluc%CC%A7a%CC%83o-Federalista-mp3cut.net_.mp3\" controls=\"controls\" data-mce-fragment=\"1\"><\/audio><figcaption>Revolu\u00e7\u00e3o Federalista<\/figcaption><\/figure>\n<figure class=\"wp-block-audio\"><audio src=\"https:\/\/www.arnoldomonteirobach.com.br\/wp-content\/uploads\/2023\/12\/CECILIA-Ricieri-Fecci-mp3cut.net_.mp3\" controls=\"controls\" data-mce-fragment=\"1\"><\/audio><figcaption>Ricieri Fecci<\/figcaption><\/figure>\n<figure class=\"wp-block-audio\"><audio src=\"https:\/\/www.arnoldomonteirobach.com.br\/wp-content\/uploads\/2023\/12\/CECILIA-Um-pouco-de-polenta-e-um-pouco-de-ideal-mp3cut.net_.mp3\" controls=\"controls\" data-mce-fragment=\"1\"><\/audio><figcaption>Um pouco de polenta e um pouco de ideal<\/figcaption><\/figure>\n<figure class=\"wp-block-audio\"><audio src=\"https:\/\/www.arnoldomonteirobach.com.br\/wp-content\/uploads\/2023\/12\/CECILIA-Vizinhos-da-Ceci%CC%81lia-mp3cut.net_.mp3\" controls=\"controls\" data-mce-fragment=\"1\"><\/audio><figcaption>Vizinhos da Cec\u00edlia<\/figcaption><\/figure>\n","protected":false},"excerpt":{"rendered":"<p>A inquietante experi\u00eancia da comunidade anarquista ecoa pelo tempo e ainda desperta curiosidade. Dos quatro anos da Cec\u00edlia para participa\u00e7\u00f5es destacadas em epis\u00f3dios marcantes da hist\u00f3ria brasileira.<\/p>\n","protected":false},"featured_media":1814,"comment_status":"open","ping_status":"closed","template":"","meta":{"ocean_post_layout":"","ocean_both_sidebars_style":"","ocean_both_sidebars_content_width":0,"ocean_both_sidebars_sidebars_width":0,"ocean_sidebar":"0","ocean_second_sidebar":"0","ocean_disable_margins":"enable","ocean_add_body_class":"","ocean_shortcode_before_top_bar":"","ocean_shortcode_after_top_bar":"","ocean_shortcode_before_header":"","ocean_shortcode_after_header":"","ocean_has_shortcode":"","ocean_shortcode_after_title":"","ocean_shortcode_before_footer_widgets":"","ocean_shortcode_after_footer_widgets":"","ocean_shortcode_before_footer_bottom":"","ocean_shortcode_after_footer_bottom":"","ocean_display_top_bar":"default","ocean_display_header":"default","ocean_header_style":"","ocean_center_header_left_menu":"0","ocean_custom_header_template":"0","ocean_custom_logo":0,"ocean_custom_retina_logo":0,"ocean_custom_logo_max_width":0,"ocean_custom_logo_tablet_max_width":0,"ocean_custom_logo_mobile_max_width":0,"ocean_custom_logo_max_height":0,"ocean_custom_logo_tablet_max_height":0,"ocean_custom_logo_mobile_max_height":0,"ocean_header_custom_menu":"0","ocean_menu_typo_font_family":"0","ocean_menu_typo_font_subset":"","ocean_menu_typo_font_size":0,"ocean_menu_typo_font_size_tablet":0,"ocean_menu_typo_font_size_mobile":0,"ocean_menu_typo_font_size_unit":"px","ocean_menu_typo_font_weight":"","ocean_menu_typo_font_weight_tablet":"","ocean_menu_typo_font_weight_mobile":"","ocean_menu_typo_transform":"","ocean_menu_typo_transform_tablet":"","ocean_menu_typo_transform_mobile":"","ocean_menu_typo_line_height":0,"ocean_menu_typo_line_height_tablet":0,"ocean_menu_typo_line_height_mobile":0,"ocean_menu_typo_line_height_unit":"","ocean_menu_typo_spacing":0,"ocean_menu_typo_spacing_tablet":0,"ocean_menu_typo_spacing_mobile":0,"ocean_menu_typo_spacing_unit":"","ocean_menu_link_color":"","ocean_menu_link_color_hover":"","ocean_menu_link_color_active":"","ocean_menu_link_background":"","ocean_menu_link_hover_background":"","ocean_menu_link_active_background":"","ocean_menu_social_links_bg":"","ocean_menu_social_hover_links_bg":"","ocean_menu_social_links_color":"","ocean_menu_social_hover_links_color":"","ocean_disable_title":"default","ocean_disable_heading":"default","ocean_post_title":"","ocean_post_subheading":"","ocean_post_title_style":"","ocean_post_title_background_color":"","ocean_post_title_background":0,"ocean_post_title_bg_image_position":"","ocean_post_title_bg_image_attachment":"","ocean_post_title_bg_image_repeat":"","ocean_post_title_bg_image_size":"","ocean_post_title_height":0,"ocean_post_title_bg_overlay":0.5,"ocean_post_title_bg_overlay_color":"","ocean_disable_breadcrumbs":"default","ocean_breadcrumbs_color":"","ocean_breadcrumbs_separator_color":"","ocean_breadcrumbs_links_color":"","ocean_breadcrumbs_links_hover_color":"","ocean_display_footer_widgets":"default","ocean_display_footer_bottom":"default","ocean_custom_footer_template":"0"},"product_brand":[],"product_cat":[113],"product_tag":[119,117,118],"class_list":{"0":"post-1759","1":"product","2":"type-product","3":"status-publish","4":"has-post-thumbnail","6":"product_cat-livros-fisicos","7":"product_tag-arnoldo-monteiro-bach","8":"product_tag-capa-normal","9":"product_tag-colonia-cecilia","11":"entry","12":"has-media","14":"first","15":"instock","16":"shipping-taxable","17":"purchasable","18":"product-type-simple","19":"has-product-nav","20":"col","21":"span_1_of_3","22":"owp-content-center","23":"owp-thumbs-layout-horizontal","24":"owp-btn-normal","25":"owp-tabs-layout-horizontal","26":"has-no-thumbnails"},"yoast_head":"<!-- This site is optimized with the Yoast SEO plugin v24.6 - https:\/\/yoast.com\/wordpress\/plugins\/seo\/ -->\n<title>Col\u00f4nia Cec\u00edlia - Loja de Livros :: Arnoldo Monteiro Bach<\/title>\n<meta name=\"robots\" content=\"index, follow, max-snippet:-1, max-image-preview:large, max-video-preview:-1\" \/>\n<link rel=\"canonical\" href=\"https:\/\/www.arnoldomonteirobach.com.br\/ecomm\/produto\/colonia-cecilia\/\" \/>\n<meta property=\"og:locale\" content=\"pt_BR\" \/>\n<meta property=\"og:type\" content=\"article\" \/>\n<meta property=\"og:title\" content=\"Col\u00f4nia Cec\u00edlia - Loja de Livros :: Arnoldo Monteiro Bach\" \/>\n<meta property=\"og:description\" content=\"A inquietante experi\u00eancia da comunidade anarquista ecoa pelo tempo e ainda desperta curiosidade. Dos quatro anos da Cec\u00edlia para participa\u00e7\u00f5es destacadas em epis\u00f3dios marcantes da hist\u00f3ria brasileira.\" \/>\n<meta property=\"og:url\" content=\"https:\/\/www.arnoldomonteirobach.com.br\/ecomm\/produto\/colonia-cecilia\/\" \/>\n<meta property=\"og:site_name\" content=\"Loja de Livros :: Arnoldo Monteiro Bach\" \/>\n<meta property=\"article:modified_time\" content=\"2024-05-02T18:27:58+00:00\" \/>\n<meta property=\"og:image\" content=\"https:\/\/www.arnoldomonteirobach.com.br\/ecomm\/wp-content\/uploads\/2024\/04\/IMG_0813.jpg\" \/>\n\t<meta property=\"og:image:width\" content=\"1559\" \/>\n\t<meta property=\"og:image:height\" content=\"2332\" \/>\n\t<meta property=\"og:image:type\" content=\"image\/jpeg\" \/>\n<meta name=\"twitter:card\" content=\"summary_large_image\" \/>\n<meta name=\"twitter:label1\" content=\"Est. tempo de leitura\" \/>\n\t<meta name=\"twitter:data1\" content=\"1 minuto\" \/>\n<script type=\"application\/ld+json\" class=\"yoast-schema-graph\">{\"@context\":\"https:\/\/schema.org\",\"@graph\":[{\"@type\":\"WebPage\",\"@id\":\"https:\/\/www.arnoldomonteirobach.com.br\/ecomm\/produto\/colonia-cecilia\/\",\"url\":\"https:\/\/www.arnoldomonteirobach.com.br\/ecomm\/produto\/colonia-cecilia\/\",\"name\":\"Col\u00f4nia Cec\u00edlia - Loja de Livros :: Arnoldo Monteiro Bach\",\"isPartOf\":{\"@id\":\"https:\/\/www.arnoldomonteirobach.com.br\/ecomm\/#website\"},\"primaryImageOfPage\":{\"@id\":\"https:\/\/www.arnoldomonteirobach.com.br\/ecomm\/produto\/colonia-cecilia\/#primaryimage\"},\"image\":{\"@id\":\"https:\/\/www.arnoldomonteirobach.com.br\/ecomm\/produto\/colonia-cecilia\/#primaryimage\"},\"thumbnailUrl\":\"https:\/\/www.arnoldomonteirobach.com.br\/ecomm\/wp-content\/uploads\/2024\/04\/IMG_0813.jpg\",\"datePublished\":\"2024-04-29T17:25:57+00:00\",\"dateModified\":\"2024-05-02T18:27:58+00:00\",\"breadcrumb\":{\"@id\":\"https:\/\/www.arnoldomonteirobach.com.br\/ecomm\/produto\/colonia-cecilia\/#breadcrumb\"},\"inLanguage\":\"pt-BR\",\"potentialAction\":[{\"@type\":\"ReadAction\",\"target\":[\"https:\/\/www.arnoldomonteirobach.com.br\/ecomm\/produto\/colonia-cecilia\/\"]}]},{\"@type\":\"ImageObject\",\"inLanguage\":\"pt-BR\",\"@id\":\"https:\/\/www.arnoldomonteirobach.com.br\/ecomm\/produto\/colonia-cecilia\/#primaryimage\",\"url\":\"https:\/\/www.arnoldomonteirobach.com.br\/ecomm\/wp-content\/uploads\/2024\/04\/IMG_0813.jpg\",\"contentUrl\":\"https:\/\/www.arnoldomonteirobach.com.br\/ecomm\/wp-content\/uploads\/2024\/04\/IMG_0813.jpg\",\"width\":1559,\"height\":2332},{\"@type\":\"BreadcrumbList\",\"@id\":\"https:\/\/www.arnoldomonteirobach.com.br\/ecomm\/produto\/colonia-cecilia\/#breadcrumb\",\"itemListElement\":[{\"@type\":\"ListItem\",\"position\":1,\"name\":\"In\u00edcio\",\"item\":\"https:\/\/www.arnoldomonteirobach.com.br\/ecomm\/\"},{\"@type\":\"ListItem\",\"position\":2,\"name\":\"Loja\",\"item\":\"https:\/\/www.arnoldomonteirobach.com.br\/ecomm\/shop1\/\"},{\"@type\":\"ListItem\",\"position\":3,\"name\":\"Col\u00f4nia Cec\u00edlia\"}]},{\"@type\":\"WebSite\",\"@id\":\"https:\/\/www.arnoldomonteirobach.com.br\/ecomm\/#website\",\"url\":\"https:\/\/www.arnoldomonteirobach.com.br\/ecomm\/\",\"name\":\"Loja de Livros :: Arnoldo Monteiro Bach\",\"description\":\"Aqui voc\u00ea encontra todos os livros escritos por Arnoldo Monteiro Bach, entre eles: Porcadeiros, Col\u00f4nia Cec\u00edlia, Trens e mais.\",\"publisher\":{\"@id\":\"https:\/\/www.arnoldomonteirobach.com.br\/ecomm\/#\/schema\/person\/3b22ff0a3a4732a9fe7d71537f869a00\"},\"potentialAction\":[{\"@type\":\"SearchAction\",\"target\":{\"@type\":\"EntryPoint\",\"urlTemplate\":\"https:\/\/www.arnoldomonteirobach.com.br\/ecomm\/?s={search_term_string}\"},\"query-input\":{\"@type\":\"PropertyValueSpecification\",\"valueRequired\":true,\"valueName\":\"search_term_string\"}}],\"inLanguage\":\"pt-BR\"},{\"@type\":[\"Person\",\"Organization\"],\"@id\":\"https:\/\/www.arnoldomonteirobach.com.br\/ecomm\/#\/schema\/person\/3b22ff0a3a4732a9fe7d71537f869a00\",\"name\":\"Admin\",\"image\":{\"@type\":\"ImageObject\",\"inLanguage\":\"pt-BR\",\"@id\":\"https:\/\/www.arnoldomonteirobach.com.br\/ecomm\/#\/schema\/person\/image\/\",\"url\":\"https:\/\/www.arnoldomonteirobach.com.br\/ecomm\/wp-content\/uploads\/2024\/04\/Novo-Projeto-1.webp\",\"contentUrl\":\"https:\/\/www.arnoldomonteirobach.com.br\/ecomm\/wp-content\/uploads\/2024\/04\/Novo-Projeto-1.webp\",\"width\":1280,\"height\":720,\"caption\":\"Admin\"},\"logo\":{\"@id\":\"https:\/\/www.arnoldomonteirobach.com.br\/ecomm\/#\/schema\/person\/image\/\"},\"sameAs\":[\"https:\/\/www.arnoldomonteirobach.com.br\/ecomm\"]}]}<\/script>\n<!-- \/ Yoast SEO plugin. -->","yoast_head_json":{"title":"Col\u00f4nia Cec\u00edlia - Loja de Livros :: Arnoldo Monteiro Bach","robots":{"index":"index","follow":"follow","max-snippet":"max-snippet:-1","max-image-preview":"max-image-preview:large","max-video-preview":"max-video-preview:-1"},"canonical":"https:\/\/www.arnoldomonteirobach.com.br\/ecomm\/produto\/colonia-cecilia\/","og_locale":"pt_BR","og_type":"article","og_title":"Col\u00f4nia Cec\u00edlia - Loja de Livros :: Arnoldo Monteiro Bach","og_description":"A inquietante experi\u00eancia da comunidade anarquista ecoa pelo tempo e ainda desperta curiosidade. Dos quatro anos da Cec\u00edlia para participa\u00e7\u00f5es destacadas em epis\u00f3dios marcantes da hist\u00f3ria brasileira.","og_url":"https:\/\/www.arnoldomonteirobach.com.br\/ecomm\/produto\/colonia-cecilia\/","og_site_name":"Loja de Livros :: Arnoldo Monteiro Bach","article_modified_time":"2024-05-02T18:27:58+00:00","og_image":[{"width":1559,"height":2332,"url":"https:\/\/www.arnoldomonteirobach.com.br\/ecomm\/wp-content\/uploads\/2024\/04\/IMG_0813.jpg","type":"image\/jpeg"}],"twitter_card":"summary_large_image","twitter_misc":{"Est. tempo de leitura":"1 minuto"},"schema":{"@context":"https:\/\/schema.org","@graph":[{"@type":"WebPage","@id":"https:\/\/www.arnoldomonteirobach.com.br\/ecomm\/produto\/colonia-cecilia\/","url":"https:\/\/www.arnoldomonteirobach.com.br\/ecomm\/produto\/colonia-cecilia\/","name":"Col\u00f4nia Cec\u00edlia - Loja de Livros :: Arnoldo Monteiro Bach","isPartOf":{"@id":"https:\/\/www.arnoldomonteirobach.com.br\/ecomm\/#website"},"primaryImageOfPage":{"@id":"https:\/\/www.arnoldomonteirobach.com.br\/ecomm\/produto\/colonia-cecilia\/#primaryimage"},"image":{"@id":"https:\/\/www.arnoldomonteirobach.com.br\/ecomm\/produto\/colonia-cecilia\/#primaryimage"},"thumbnailUrl":"https:\/\/www.arnoldomonteirobach.com.br\/ecomm\/wp-content\/uploads\/2024\/04\/IMG_0813.jpg","datePublished":"2024-04-29T17:25:57+00:00","dateModified":"2024-05-02T18:27:58+00:00","breadcrumb":{"@id":"https:\/\/www.arnoldomonteirobach.com.br\/ecomm\/produto\/colonia-cecilia\/#breadcrumb"},"inLanguage":"pt-BR","potentialAction":[{"@type":"ReadAction","target":["https:\/\/www.arnoldomonteirobach.com.br\/ecomm\/produto\/colonia-cecilia\/"]}]},{"@type":"ImageObject","inLanguage":"pt-BR","@id":"https:\/\/www.arnoldomonteirobach.com.br\/ecomm\/produto\/colonia-cecilia\/#primaryimage","url":"https:\/\/www.arnoldomonteirobach.com.br\/ecomm\/wp-content\/uploads\/2024\/04\/IMG_0813.jpg","contentUrl":"https:\/\/www.arnoldomonteirobach.com.br\/ecomm\/wp-content\/uploads\/2024\/04\/IMG_0813.jpg","width":1559,"height":2332},{"@type":"BreadcrumbList","@id":"https:\/\/www.arnoldomonteirobach.com.br\/ecomm\/produto\/colonia-cecilia\/#breadcrumb","itemListElement":[{"@type":"ListItem","position":1,"name":"In\u00edcio","item":"https:\/\/www.arnoldomonteirobach.com.br\/ecomm\/"},{"@type":"ListItem","position":2,"name":"Loja","item":"https:\/\/www.arnoldomonteirobach.com.br\/ecomm\/shop1\/"},{"@type":"ListItem","position":3,"name":"Col\u00f4nia Cec\u00edlia"}]},{"@type":"WebSite","@id":"https:\/\/www.arnoldomonteirobach.com.br\/ecomm\/#website","url":"https:\/\/www.arnoldomonteirobach.com.br\/ecomm\/","name":"Loja de Livros :: Arnoldo Monteiro Bach","description":"Aqui voc\u00ea encontra todos os livros escritos por Arnoldo Monteiro Bach, entre eles: Porcadeiros, Col\u00f4nia Cec\u00edlia, Trens e mais.","publisher":{"@id":"https:\/\/www.arnoldomonteirobach.com.br\/ecomm\/#\/schema\/person\/3b22ff0a3a4732a9fe7d71537f869a00"},"potentialAction":[{"@type":"SearchAction","target":{"@type":"EntryPoint","urlTemplate":"https:\/\/www.arnoldomonteirobach.com.br\/ecomm\/?s={search_term_string}"},"query-input":{"@type":"PropertyValueSpecification","valueRequired":true,"valueName":"search_term_string"}}],"inLanguage":"pt-BR"},{"@type":["Person","Organization"],"@id":"https:\/\/www.arnoldomonteirobach.com.br\/ecomm\/#\/schema\/person\/3b22ff0a3a4732a9fe7d71537f869a00","name":"Admin","image":{"@type":"ImageObject","inLanguage":"pt-BR","@id":"https:\/\/www.arnoldomonteirobach.com.br\/ecomm\/#\/schema\/person\/image\/","url":"https:\/\/www.arnoldomonteirobach.com.br\/ecomm\/wp-content\/uploads\/2024\/04\/Novo-Projeto-1.webp","contentUrl":"https:\/\/www.arnoldomonteirobach.com.br\/ecomm\/wp-content\/uploads\/2024\/04\/Novo-Projeto-1.webp","width":1280,"height":720,"caption":"Admin"},"logo":{"@id":"https:\/\/www.arnoldomonteirobach.com.br\/ecomm\/#\/schema\/person\/image\/"},"sameAs":["https:\/\/www.arnoldomonteirobach.com.br\/ecomm"]}]}},"_links":{"self":[{"href":"https:\/\/www.arnoldomonteirobach.com.br\/ecomm\/wp-json\/wp\/v2\/product\/1759","targetHints":{"allow":["GET"]}}],"collection":[{"href":"https:\/\/www.arnoldomonteirobach.com.br\/ecomm\/wp-json\/wp\/v2\/product"}],"about":[{"href":"https:\/\/www.arnoldomonteirobach.com.br\/ecomm\/wp-json\/wp\/v2\/types\/product"}],"replies":[{"embeddable":true,"href":"https:\/\/www.arnoldomonteirobach.com.br\/ecomm\/wp-json\/wp\/v2\/comments?post=1759"}],"wp:featuredmedia":[{"embeddable":true,"href":"https:\/\/www.arnoldomonteirobach.com.br\/ecomm\/wp-json\/wp\/v2\/media\/1814"}],"wp:attachment":[{"href":"https:\/\/www.arnoldomonteirobach.com.br\/ecomm\/wp-json\/wp\/v2\/media?parent=1759"}],"wp:term":[{"taxonomy":"product_brand","embeddable":true,"href":"https:\/\/www.arnoldomonteirobach.com.br\/ecomm\/wp-json\/wp\/v2\/product_brand?post=1759"},{"taxonomy":"product_cat","embeddable":true,"href":"https:\/\/www.arnoldomonteirobach.com.br\/ecomm\/wp-json\/wp\/v2\/product_cat?post=1759"},{"taxonomy":"product_tag","embeddable":true,"href":"https:\/\/www.arnoldomonteirobach.com.br\/ecomm\/wp-json\/wp\/v2\/product_tag?post=1759"}],"curies":[{"name":"wp","href":"https:\/\/api.w.org\/{rel}","templated":true}]}}