{"id":1768,"date":"2024-04-29T14:48:06","date_gmt":"2024-04-29T17:48:06","guid":{"rendered":"https:\/\/www.arnoldomonteirobach.com.br\/ecomm\/?post_type=product&#038;p=1768"},"modified":"2024-11-30T00:15:20","modified_gmt":"2024-11-30T03:15:20","slug":"porcadeiros","status":"publish","type":"product","link":"https:\/\/www.arnoldomonteirobach.com.br\/ecomm\/produto\/porcadeiros\/","title":{"rendered":"Porcadeiros"},"content":{"rendered":"<p>Levando varas de porcos pelos caminhos, enfrentando desafios para chegar ao destino, os porcadeiros colaboraram de forma decisiva para manter, durante d\u00e9cadas, a base da economia de muitas regi\u00f5es Brasil adentro. O livro conta isto e tamb\u00e9m as hist\u00f3rias de fam\u00edlias que viveram da atividade da suinocultura.<br \/>\n485 P\u00e1ginas.<\/p>\n<h2><strong>\u00c1udios de fragmentos da obra gravados pelo autor.<\/strong><\/h2>\n<p>&nbsp;<\/p>\n<figure class=\"wp-block-audio\"><audio src=\"http:\/\/www.arnoldomonteirobach.com.br\/wp-content\/uploads\/2016\/07\/PORCADEIROS-O-imp%C3%A9rio-dos-Matarazzo.mp3\" controls=\"controls\" data-mce-fragment=\"1\"><\/audio><figcaption>O imp\u00e9rio dos Matarazzo<\/figcaption><\/figure>\n<figure class=\"wp-block-audio\"><audio src=\"http:\/\/www.arnoldomonteirobach.com.br\/wp-content\/uploads\/2016\/07\/PORCADEIROS-6-Porco-Al%C3%A7ado.mp3\" controls=\"controls\" data-mce-fragment=\"1\"><\/audio><figcaption>Porco Al\u00e7ad<strong>o<\/strong><\/figcaption><\/figure>\n<figure class=\"wp-block-audio\"><audio src=\"https:\/\/www.arnoldomonteirobach.com.br\/wp-content\/uploads\/2023\/12\/PORCADEIROS-Porco-bagual.mp3\" controls=\"controls\" data-mce-fragment=\"1\"><\/audio><figcaption>Porco Bagual<\/figcaption><\/figure>\n<figure class=\"wp-block-audio\"><audio src=\"https:\/\/www.arnoldomonteirobach.com.br\/wp-content\/uploads\/2023\/12\/PORCADEIROS-Aluguel-de-mangueiras.mp3\" controls=\"controls\" data-mce-fragment=\"1\"><\/audio><figcaption>Aluguel de mangueiras<\/figcaption><\/figure>\n<figure class=\"wp-block-audio\"><audio src=\"https:\/\/www.arnoldomonteirobach.com.br\/wp-content\/uploads\/2023\/12\/PORCADEIROS-Cac%CC%A7ada-de-javalis.mp3\" controls=\"controls\" data-mce-fragment=\"1\"><\/audio><figcaption>Ca\u00e7ada de javalis<\/figcaption><\/figure>\n<figure class=\"wp-block-audio\"><audio src=\"https:\/\/www.arnoldomonteirobach.com.br\/wp-content\/uploads\/2023\/12\/PORCADEIROS-Centro-de-compra-de-sui%CC%81nos.mp3\" controls=\"controls\" data-mce-fragment=\"1\"><\/audio><figcaption>Centro de compra de su\u00ednos<\/figcaption><\/figure>\n<figure class=\"wp-block-audio\"><audio src=\"https:\/\/www.arnoldomonteirobach.com.br\/wp-content\/uploads\/2023\/12\/PORCADEIROS-Charque-de-porco.mp3\" controls=\"controls\" data-mce-fragment=\"1\"><\/audio><figcaption>Charque de Porco<\/figcaption><\/figure>\n<figure class=\"wp-block-audio\"><audio src=\"https:\/\/www.arnoldomonteirobach.com.br\/wp-content\/uploads\/2023\/12\/PORCADEIROS-Comitiva-dos-Porcadeiros.mp3\" controls=\"controls\" data-mce-fragment=\"1\"><\/audio><figcaption>Comitiva dos porcadeiros<\/figcaption><\/figure>\n<figure class=\"wp-block-audio\"><audio src=\"https:\/\/www.arnoldomonteirobach.com.br\/wp-content\/uploads\/2023\/12\/PORCADEIROS-Filhotes-de-javalis.mp3\" controls=\"controls\" data-mce-fragment=\"1\"><\/audio><figcaption>Filhotes de javalis<\/figcaption><\/figure>\n<figure class=\"wp-block-audio\"><audio src=\"https:\/\/www.arnoldomonteirobach.com.br\/wp-content\/uploads\/2023\/12\/PORCADEIROS-Miste%CC%81rio-no-mangueira%CC%83o.mp3\" controls=\"controls\" data-mce-fragment=\"1\"><\/audio><figcaption>Mist\u00e9rio no mangueir\u00e3o<\/figcaption><\/figure>\n<figure class=\"wp-block-audio\"><audio src=\"https:\/\/www.arnoldomonteirobach.com.br\/wp-content\/uploads\/2023\/12\/PORCADEIROS-Paci%CC%81fico-Bravo.mp3\" controls=\"controls\" data-mce-fragment=\"1\"><\/audio><figcaption>Pac\u00edfico Bravo<\/figcaption><\/figure>\n<figure class=\"wp-block-audio\"><audio src=\"https:\/\/www.arnoldomonteirobach.com.br\/wp-content\/uploads\/2023\/12\/PORCADEIROS-Porcadeiro-poeta.mp3\" controls=\"controls\" data-mce-fragment=\"1\"><\/audio><figcaption>Porcadeiro Poeta<\/figcaption><\/figure>\n<figure class=\"wp-block-audio\"><audio src=\"https:\/\/www.arnoldomonteirobach.com.br\/wp-content\/uploads\/2023\/12\/PORCADEIROS-Serta%CC%83o-sem-lei.mp3\" controls=\"controls\" data-mce-fragment=\"1\"><\/audio><figcaption>Sert\u00e3o sem lei<\/figcaption><\/figure>\n","protected":false},"excerpt":{"rendered":"<p>Levando varas de porcos pelos caminhos, enfrentando desafios para chegar ao destino, os porcadeiros colaboraram de forma decisiva para manter, durante d\u00e9cadas.<\/p>\n","protected":false},"featured_media":1817,"comment_status":"open","ping_status":"closed","template":"","meta":{"ocean_post_layout":"","ocean_both_sidebars_style":"","ocean_both_sidebars_content_width":0,"ocean_both_sidebars_sidebars_width":0,"ocean_sidebar":"0","ocean_second_sidebar":"0","ocean_disable_margins":"enable","ocean_add_body_class":"","ocean_shortcode_before_top_bar":"","ocean_shortcode_after_top_bar":"","ocean_shortcode_before_header":"","ocean_shortcode_after_header":"","ocean_has_shortcode":"","ocean_shortcode_after_title":"","ocean_shortcode_before_footer_widgets":"","ocean_shortcode_after_footer_widgets":"","ocean_shortcode_before_footer_bottom":"","ocean_shortcode_after_footer_bottom":"","ocean_display_top_bar":"default","ocean_display_header":"default","ocean_header_style":"","ocean_center_header_left_menu":"0","ocean_custom_header_template":"0","ocean_custom_logo":0,"ocean_custom_retina_logo":0,"ocean_custom_logo_max_width":0,"ocean_custom_logo_tablet_max_width":0,"ocean_custom_logo_mobile_max_width":0,"ocean_custom_logo_max_height":0,"ocean_custom_logo_tablet_max_height":0,"ocean_custom_logo_mobile_max_height":0,"ocean_header_custom_menu":"0","ocean_menu_typo_font_family":"0","ocean_menu_typo_font_subset":"","ocean_menu_typo_font_size":0,"ocean_menu_typo_font_size_tablet":0,"ocean_menu_typo_font_size_mobile":0,"ocean_menu_typo_font_size_unit":"px","ocean_menu_typo_font_weight":"","ocean_menu_typo_font_weight_tablet":"","ocean_menu_typo_font_weight_mobile":"","ocean_menu_typo_transform":"","ocean_menu_typo_transform_tablet":"","ocean_menu_typo_transform_mobile":"","ocean_menu_typo_line_height":0,"ocean_menu_typo_line_height_tablet":0,"ocean_menu_typo_line_height_mobile":0,"ocean_menu_typo_line_height_unit":"","ocean_menu_typo_spacing":0,"ocean_menu_typo_spacing_tablet":0,"ocean_menu_typo_spacing_mobile":0,"ocean_menu_typo_spacing_unit":"","ocean_menu_link_color":"","ocean_menu_link_color_hover":"","ocean_menu_link_color_active":"","ocean_menu_link_background":"","ocean_menu_link_hover_background":"","ocean_menu_link_active_background":"","ocean_menu_social_links_bg":"","ocean_menu_social_hover_links_bg":"","ocean_menu_social_links_color":"","ocean_menu_social_hover_links_color":"","ocean_disable_title":"default","ocean_disable_heading":"default","ocean_post_title":"","ocean_post_subheading":"","ocean_post_title_style":"","ocean_post_title_background_color":"","ocean_post_title_background":0,"ocean_post_title_bg_image_position":"","ocean_post_title_bg_image_attachment":"","ocean_post_title_bg_image_repeat":"","ocean_post_title_bg_image_size":"","ocean_post_title_height":0,"ocean_post_title_bg_overlay":0.5,"ocean_post_title_bg_overlay_color":"","ocean_disable_breadcrumbs":"default","ocean_breadcrumbs_color":"","ocean_breadcrumbs_separator_color":"","ocean_breadcrumbs_links_color":"","ocean_breadcrumbs_links_hover_color":"","ocean_display_footer_widgets":"default","ocean_display_footer_bottom":"default","ocean_custom_footer_template":"0"},"product_brand":[],"product_cat":[113],"product_tag":[119,123,115,122],"class_list":{"0":"post-1768","1":"product","2":"type-product","3":"status-publish","4":"has-post-thumbnail","6":"product_cat-livros-fisicos","7":"product_tag-arnoldo-monteiro-bach","8":"product_tag-c","9":"product_tag-capa-simples","10":"product_tag-livro-porcadeiros","12":"entry","13":"has-media","15":"first","16":"instock","17":"shipping-taxable","18":"purchasable","19":"product-type-simple","20":"has-product-nav","21":"col","22":"span_1_of_3","23":"owp-content-center","24":"owp-thumbs-layout-horizontal","25":"owp-btn-normal","26":"owp-tabs-layout-horizontal","27":"has-no-thumbnails"},"yoast_head":"<!-- This site is optimized with the Yoast SEO plugin v24.6 - https:\/\/yoast.com\/wordpress\/plugins\/seo\/ -->\n<title>Porcadeiros - Loja de Livros :: Arnoldo Monteiro Bach<\/title>\n<meta name=\"robots\" content=\"index, follow, max-snippet:-1, max-image-preview:large, max-video-preview:-1\" \/>\n<link rel=\"canonical\" href=\"https:\/\/www.arnoldomonteirobach.com.br\/ecomm\/produto\/porcadeiros\/\" \/>\n<meta property=\"og:locale\" content=\"pt_BR\" \/>\n<meta property=\"og:type\" content=\"article\" \/>\n<meta property=\"og:title\" content=\"Porcadeiros - Loja de Livros :: Arnoldo Monteiro Bach\" \/>\n<meta property=\"og:description\" content=\"Levando varas de porcos pelos caminhos, enfrentando desafios para chegar ao destino, os porcadeiros colaboraram de forma decisiva para manter, durante d\u00e9cadas.\" \/>\n<meta property=\"og:url\" content=\"https:\/\/www.arnoldomonteirobach.com.br\/ecomm\/produto\/porcadeiros\/\" \/>\n<meta property=\"og:site_name\" content=\"Loja de Livros :: Arnoldo Monteiro Bach\" \/>\n<meta property=\"article:modified_time\" content=\"2024-11-30T03:15:20+00:00\" \/>\n<meta property=\"og:image\" content=\"https:\/\/www.arnoldomonteirobach.com.br\/ecomm\/wp-content\/uploads\/2024\/04\/IMG_0812-scaled.jpg\" \/>\n\t<meta property=\"og:image:width\" content=\"1767\" \/>\n\t<meta property=\"og:image:height\" content=\"2560\" \/>\n\t<meta property=\"og:image:type\" content=\"image\/jpeg\" \/>\n<meta name=\"twitter:card\" content=\"summary_large_image\" \/>\n<meta name=\"twitter:label1\" content=\"Est. tempo de leitura\" \/>\n\t<meta name=\"twitter:data1\" content=\"1 minuto\" \/>\n<script type=\"application\/ld+json\" class=\"yoast-schema-graph\">{\"@context\":\"https:\/\/schema.org\",\"@graph\":[{\"@type\":\"WebPage\",\"@id\":\"https:\/\/www.arnoldomonteirobach.com.br\/ecomm\/produto\/porcadeiros\/\",\"url\":\"https:\/\/www.arnoldomonteirobach.com.br\/ecomm\/produto\/porcadeiros\/\",\"name\":\"Porcadeiros - Loja de Livros :: Arnoldo Monteiro Bach\",\"isPartOf\":{\"@id\":\"https:\/\/www.arnoldomonteirobach.com.br\/ecomm\/#website\"},\"primaryImageOfPage\":{\"@id\":\"https:\/\/www.arnoldomonteirobach.com.br\/ecomm\/produto\/porcadeiros\/#primaryimage\"},\"image\":{\"@id\":\"https:\/\/www.arnoldomonteirobach.com.br\/ecomm\/produto\/porcadeiros\/#primaryimage\"},\"thumbnailUrl\":\"https:\/\/www.arnoldomonteirobach.com.br\/ecomm\/wp-content\/uploads\/2024\/04\/IMG_0812-scaled.jpg\",\"datePublished\":\"2024-04-29T17:48:06+00:00\",\"dateModified\":\"2024-11-30T03:15:20+00:00\",\"breadcrumb\":{\"@id\":\"https:\/\/www.arnoldomonteirobach.com.br\/ecomm\/produto\/porcadeiros\/#breadcrumb\"},\"inLanguage\":\"pt-BR\",\"potentialAction\":[{\"@type\":\"ReadAction\",\"target\":[\"https:\/\/www.arnoldomonteirobach.com.br\/ecomm\/produto\/porcadeiros\/\"]}]},{\"@type\":\"ImageObject\",\"inLanguage\":\"pt-BR\",\"@id\":\"https:\/\/www.arnoldomonteirobach.com.br\/ecomm\/produto\/porcadeiros\/#primaryimage\",\"url\":\"https:\/\/www.arnoldomonteirobach.com.br\/ecomm\/wp-content\/uploads\/2024\/04\/IMG_0812-scaled.jpg\",\"contentUrl\":\"https:\/\/www.arnoldomonteirobach.com.br\/ecomm\/wp-content\/uploads\/2024\/04\/IMG_0812-scaled.jpg\",\"width\":1767,\"height\":2560},{\"@type\":\"BreadcrumbList\",\"@id\":\"https:\/\/www.arnoldomonteirobach.com.br\/ecomm\/produto\/porcadeiros\/#breadcrumb\",\"itemListElement\":[{\"@type\":\"ListItem\",\"position\":1,\"name\":\"In\u00edcio\",\"item\":\"https:\/\/www.arnoldomonteirobach.com.br\/ecomm\/\"},{\"@type\":\"ListItem\",\"position\":2,\"name\":\"Loja\",\"item\":\"https:\/\/www.arnoldomonteirobach.com.br\/ecomm\/shop1\/\"},{\"@type\":\"ListItem\",\"position\":3,\"name\":\"Porcadeiros\"}]},{\"@type\":\"WebSite\",\"@id\":\"https:\/\/www.arnoldomonteirobach.com.br\/ecomm\/#website\",\"url\":\"https:\/\/www.arnoldomonteirobach.com.br\/ecomm\/\",\"name\":\"Loja de Livros :: Arnoldo Monteiro Bach\",\"description\":\"Aqui voc\u00ea encontra todos os livros escritos por Arnoldo Monteiro Bach, entre eles: Porcadeiros, Col\u00f4nia Cec\u00edlia, Trens e mais.\",\"publisher\":{\"@id\":\"https:\/\/www.arnoldomonteirobach.com.br\/ecomm\/#\/schema\/person\/3b22ff0a3a4732a9fe7d71537f869a00\"},\"potentialAction\":[{\"@type\":\"SearchAction\",\"target\":{\"@type\":\"EntryPoint\",\"urlTemplate\":\"https:\/\/www.arnoldomonteirobach.com.br\/ecomm\/?s={search_term_string}\"},\"query-input\":{\"@type\":\"PropertyValueSpecification\",\"valueRequired\":true,\"valueName\":\"search_term_string\"}}],\"inLanguage\":\"pt-BR\"},{\"@type\":[\"Person\",\"Organization\"],\"@id\":\"https:\/\/www.arnoldomonteirobach.com.br\/ecomm\/#\/schema\/person\/3b22ff0a3a4732a9fe7d71537f869a00\",\"name\":\"Admin\",\"image\":{\"@type\":\"ImageObject\",\"inLanguage\":\"pt-BR\",\"@id\":\"https:\/\/www.arnoldomonteirobach.com.br\/ecomm\/#\/schema\/person\/image\/\",\"url\":\"https:\/\/www.arnoldomonteirobach.com.br\/ecomm\/wp-content\/uploads\/2024\/04\/Novo-Projeto-1.webp\",\"contentUrl\":\"https:\/\/www.arnoldomonteirobach.com.br\/ecomm\/wp-content\/uploads\/2024\/04\/Novo-Projeto-1.webp\",\"width\":1280,\"height\":720,\"caption\":\"Admin\"},\"logo\":{\"@id\":\"https:\/\/www.arnoldomonteirobach.com.br\/ecomm\/#\/schema\/person\/image\/\"},\"sameAs\":[\"https:\/\/www.arnoldomonteirobach.com.br\/ecomm\"]}]}<\/script>\n<!-- \/ Yoast SEO plugin. -->","yoast_head_json":{"title":"Porcadeiros - Loja de Livros :: Arnoldo Monteiro Bach","robots":{"index":"index","follow":"follow","max-snippet":"max-snippet:-1","max-image-preview":"max-image-preview:large","max-video-preview":"max-video-preview:-1"},"canonical":"https:\/\/www.arnoldomonteirobach.com.br\/ecomm\/produto\/porcadeiros\/","og_locale":"pt_BR","og_type":"article","og_title":"Porcadeiros - Loja de Livros :: Arnoldo Monteiro Bach","og_description":"Levando varas de porcos pelos caminhos, enfrentando desafios para chegar ao destino, os porcadeiros colaboraram de forma decisiva para manter, durante d\u00e9cadas.","og_url":"https:\/\/www.arnoldomonteirobach.com.br\/ecomm\/produto\/porcadeiros\/","og_site_name":"Loja de Livros :: Arnoldo Monteiro Bach","article_modified_time":"2024-11-30T03:15:20+00:00","og_image":[{"width":1767,"height":2560,"url":"https:\/\/www.arnoldomonteirobach.com.br\/ecomm\/wp-content\/uploads\/2024\/04\/IMG_0812-scaled.jpg","type":"image\/jpeg"}],"twitter_card":"summary_large_image","twitter_misc":{"Est. tempo de leitura":"1 minuto"},"schema":{"@context":"https:\/\/schema.org","@graph":[{"@type":"WebPage","@id":"https:\/\/www.arnoldomonteirobach.com.br\/ecomm\/produto\/porcadeiros\/","url":"https:\/\/www.arnoldomonteirobach.com.br\/ecomm\/produto\/porcadeiros\/","name":"Porcadeiros - Loja de Livros :: Arnoldo Monteiro Bach","isPartOf":{"@id":"https:\/\/www.arnoldomonteirobach.com.br\/ecomm\/#website"},"primaryImageOfPage":{"@id":"https:\/\/www.arnoldomonteirobach.com.br\/ecomm\/produto\/porcadeiros\/#primaryimage"},"image":{"@id":"https:\/\/www.arnoldomonteirobach.com.br\/ecomm\/produto\/porcadeiros\/#primaryimage"},"thumbnailUrl":"https:\/\/www.arnoldomonteirobach.com.br\/ecomm\/wp-content\/uploads\/2024\/04\/IMG_0812-scaled.jpg","datePublished":"2024-04-29T17:48:06+00:00","dateModified":"2024-11-30T03:15:20+00:00","breadcrumb":{"@id":"https:\/\/www.arnoldomonteirobach.com.br\/ecomm\/produto\/porcadeiros\/#breadcrumb"},"inLanguage":"pt-BR","potentialAction":[{"@type":"ReadAction","target":["https:\/\/www.arnoldomonteirobach.com.br\/ecomm\/produto\/porcadeiros\/"]}]},{"@type":"ImageObject","inLanguage":"pt-BR","@id":"https:\/\/www.arnoldomonteirobach.com.br\/ecomm\/produto\/porcadeiros\/#primaryimage","url":"https:\/\/www.arnoldomonteirobach.com.br\/ecomm\/wp-content\/uploads\/2024\/04\/IMG_0812-scaled.jpg","contentUrl":"https:\/\/www.arnoldomonteirobach.com.br\/ecomm\/wp-content\/uploads\/2024\/04\/IMG_0812-scaled.jpg","width":1767,"height":2560},{"@type":"BreadcrumbList","@id":"https:\/\/www.arnoldomonteirobach.com.br\/ecomm\/produto\/porcadeiros\/#breadcrumb","itemListElement":[{"@type":"ListItem","position":1,"name":"In\u00edcio","item":"https:\/\/www.arnoldomonteirobach.com.br\/ecomm\/"},{"@type":"ListItem","position":2,"name":"Loja","item":"https:\/\/www.arnoldomonteirobach.com.br\/ecomm\/shop1\/"},{"@type":"ListItem","position":3,"name":"Porcadeiros"}]},{"@type":"WebSite","@id":"https:\/\/www.arnoldomonteirobach.com.br\/ecomm\/#website","url":"https:\/\/www.arnoldomonteirobach.com.br\/ecomm\/","name":"Loja de Livros :: Arnoldo Monteiro Bach","description":"Aqui voc\u00ea encontra todos os livros escritos por Arnoldo Monteiro Bach, entre eles: Porcadeiros, Col\u00f4nia Cec\u00edlia, Trens e mais.","publisher":{"@id":"https:\/\/www.arnoldomonteirobach.com.br\/ecomm\/#\/schema\/person\/3b22ff0a3a4732a9fe7d71537f869a00"},"potentialAction":[{"@type":"SearchAction","target":{"@type":"EntryPoint","urlTemplate":"https:\/\/www.arnoldomonteirobach.com.br\/ecomm\/?s={search_term_string}"},"query-input":{"@type":"PropertyValueSpecification","valueRequired":true,"valueName":"search_term_string"}}],"inLanguage":"pt-BR"},{"@type":["Person","Organization"],"@id":"https:\/\/www.arnoldomonteirobach.com.br\/ecomm\/#\/schema\/person\/3b22ff0a3a4732a9fe7d71537f869a00","name":"Admin","image":{"@type":"ImageObject","inLanguage":"pt-BR","@id":"https:\/\/www.arnoldomonteirobach.com.br\/ecomm\/#\/schema\/person\/image\/","url":"https:\/\/www.arnoldomonteirobach.com.br\/ecomm\/wp-content\/uploads\/2024\/04\/Novo-Projeto-1.webp","contentUrl":"https:\/\/www.arnoldomonteirobach.com.br\/ecomm\/wp-content\/uploads\/2024\/04\/Novo-Projeto-1.webp","width":1280,"height":720,"caption":"Admin"},"logo":{"@id":"https:\/\/www.arnoldomonteirobach.com.br\/ecomm\/#\/schema\/person\/image\/"},"sameAs":["https:\/\/www.arnoldomonteirobach.com.br\/ecomm"]}]}},"_links":{"self":[{"href":"https:\/\/www.arnoldomonteirobach.com.br\/ecomm\/wp-json\/wp\/v2\/product\/1768","targetHints":{"allow":["GET"]}}],"collection":[{"href":"https:\/\/www.arnoldomonteirobach.com.br\/ecomm\/wp-json\/wp\/v2\/product"}],"about":[{"href":"https:\/\/www.arnoldomonteirobach.com.br\/ecomm\/wp-json\/wp\/v2\/types\/product"}],"replies":[{"embeddable":true,"href":"https:\/\/www.arnoldomonteirobach.com.br\/ecomm\/wp-json\/wp\/v2\/comments?post=1768"}],"wp:featuredmedia":[{"embeddable":true,"href":"https:\/\/www.arnoldomonteirobach.com.br\/ecomm\/wp-json\/wp\/v2\/media\/1817"}],"wp:attachment":[{"href":"https:\/\/www.arnoldomonteirobach.com.br\/ecomm\/wp-json\/wp\/v2\/media?parent=1768"}],"wp:term":[{"taxonomy":"product_brand","embeddable":true,"href":"https:\/\/www.arnoldomonteirobach.com.br\/ecomm\/wp-json\/wp\/v2\/product_brand?post=1768"},{"taxonomy":"product_cat","embeddable":true,"href":"https:\/\/www.arnoldomonteirobach.com.br\/ecomm\/wp-json\/wp\/v2\/product_cat?post=1768"},{"taxonomy":"product_tag","embeddable":true,"href":"https:\/\/www.arnoldomonteirobach.com.br\/ecomm\/wp-json\/wp\/v2\/product_tag?post=1768"}],"curies":[{"name":"wp","href":"https:\/\/api.w.org\/{rel}","templated":true}]}}